{"id":22111,"date":"2025-02-19T08:48:56","date_gmt":"2025-02-19T07:48:56","guid":{"rendered":"https:\/\/dev.brunner.de\/service\/foerderungen\/"},"modified":"2025-11-03T11:45:38","modified_gmt":"2025-11-03T10:45:38","slug":"subsidies","status":"publish","type":"page","link":"https:\/\/www.brunner.de\/en\/service\/subsidies\/","title":{"rendered":"Subsidies"},"content":{"rendered":"","protected":false},"excerpt":{"rendered":"","protected":false},"author":2,"featured_media":0,"parent":8517,"menu_order":0,"comment_status":"closed","ping_status":"closed","template":"","meta":{"_acf_changed":false,"footnotes":""},"class_list":["post-22111","page","type-page","status-publish","hentry"],"acf":[],"yoast_head":"<!-- This site is optimized with the Yoast SEO plugin v27.5 - https:\/\/yoast.com\/product\/yoast-seo-wordpress\/ -->\n<title>BRUNNER - Staatliche F\u00f6rderung f\u00fcr deine Heizung<\/title>\n<meta name=\"description\" content=\"Aktuelle F\u00f6rderm\u00f6glichkeiten im \u00dcberblick. Unsere Heizungsbau-Partner beraten dich gerne. Jetzt \u00fcber F\u00f6rderungen informieren.\" \/>\n<meta name=\"robots\" content=\"index, follow, max-snippet:-1, max-image-preview:large, max-video-preview:-1\" \/>\n<link rel=\"canonical\" href=\"https:\/\/www.brunner.de\/en\/service\/subsidies\/\" \/>\n<meta property=\"og:locale\" content=\"en_US\" \/>\n<meta property=\"og:type\" content=\"article\" \/>\n<meta property=\"og:title\" content=\"BRUNNER - Staatliche F\u00f6rderung f\u00fcr deine Heizung\" \/>\n<meta property=\"og:description\" content=\"Aktuelle F\u00f6rderm\u00f6glichkeiten im \u00dcberblick. Unsere Heizungsbau-Partner beraten dich gerne. Jetzt \u00fcber F\u00f6rderungen informieren.\" \/>\n<meta property=\"og:url\" content=\"https:\/\/www.brunner.de\/en\/service\/subsidies\/\" \/>\n<meta property=\"og:site_name\" content=\"BRUNNER\" \/>\n<meta property=\"article:modified_time\" content=\"2025-11-03T10:45:38+00:00\" \/>\n<meta name=\"twitter:card\" content=\"summary_large_image\" \/>\n<meta name=\"twitter:label1\" content=\"Est. reading time\" \/>\n\t<meta name=\"twitter:data1\" content=\"10 minutes\" \/>\n<script type=\"application\/ld+json\" class=\"yoast-schema-graph\">{\"@context\":\"https:\\\/\\\/schema.org\",\"@graph\":[{\"@type\":\"WebPage\",\"@id\":\"https:\\\/\\\/www.brunner.de\\\/en\\\/service\\\/subsidies\\\/\",\"url\":\"https:\\\/\\\/www.brunner.de\\\/en\\\/service\\\/subsidies\\\/\",\"name\":\"BRUNNER - Staatliche F\u00f6rderung f\u00fcr deine Heizung\",\"isPartOf\":{\"@id\":\"https:\\\/\\\/www.brunner.de\\\/#website\"},\"datePublished\":\"2025-02-19T07:48:56+00:00\",\"dateModified\":\"2025-11-03T10:45:38+00:00\",\"description\":\"Aktuelle F\u00f6rderm\u00f6glichkeiten im \u00dcberblick. Unsere Heizungsbau-Partner beraten dich gerne. Jetzt \u00fcber F\u00f6rderungen informieren.\",\"breadcrumb\":{\"@id\":\"https:\\\/\\\/www.brunner.de\\\/en\\\/service\\\/subsidies\\\/#breadcrumb\"},\"inLanguage\":\"en-US\",\"potentialAction\":[{\"@type\":\"ReadAction\",\"target\":[\"https:\\\/\\\/www.brunner.de\\\/en\\\/service\\\/subsidies\\\/\"]}]},{\"@type\":\"BreadcrumbList\",\"@id\":\"https:\\\/\\\/www.brunner.de\\\/en\\\/service\\\/subsidies\\\/#breadcrumb\",\"itemListElement\":[{\"@type\":\"ListItem\",\"position\":1,\"name\":\"Startseite\",\"item\":\"https:\\\/\\\/www.brunner.de\\\/en\\\/\"},{\"@type\":\"ListItem\",\"position\":2,\"name\":\"Service\",\"item\":\"https:\\\/\\\/www.brunner.de\\\/en\\\/service\\\/\"},{\"@type\":\"ListItem\",\"position\":3,\"name\":\"Subsidies\"}]},{\"@type\":\"WebSite\",\"@id\":\"https:\\\/\\\/www.brunner.de\\\/#website\",\"url\":\"https:\\\/\\\/www.brunner.de\\\/\",\"name\":\"BRUNNER\",\"description\":\"Kachel\u00f6fen und Kamine, Heiztechnik sowie Heizkonzepte\",\"publisher\":{\"@id\":\"https:\\\/\\\/www.brunner.de\\\/#organization\"},\"potentialAction\":[{\"@type\":\"SearchAction\",\"target\":{\"@type\":\"EntryPoint\",\"urlTemplate\":\"https:\\\/\\\/www.brunner.de\\\/?s={search_term_string}\"},\"query-input\":{\"@type\":\"PropertyValueSpecification\",\"valueRequired\":true,\"valueName\":\"search_term_string\"}}],\"inLanguage\":\"en-US\"},{\"@type\":\"Organization\",\"@id\":\"https:\\\/\\\/www.brunner.de\\\/#organization\",\"name\":\"BRUNNER\",\"url\":\"https:\\\/\\\/www.brunner.de\\\/\",\"logo\":{\"@type\":\"ImageObject\",\"inLanguage\":\"en-US\",\"@id\":\"https:\\\/\\\/www.brunner.de\\\/#\\\/schema\\\/logo\\\/image\\\/\",\"url\":\"\",\"contentUrl\":\"\",\"caption\":\"BRUNNER\"},\"image\":{\"@id\":\"https:\\\/\\\/www.brunner.de\\\/#\\\/schema\\\/logo\\\/image\\\/\"}}]}<\/script>\n<!-- \/ Yoast SEO plugin. -->","yoast_head_json":{"title":"BRUNNER - Staatliche F\u00f6rderung f\u00fcr deine Heizung","description":"Aktuelle F\u00f6rderm\u00f6glichkeiten im \u00dcberblick. Unsere Heizungsbau-Partner beraten dich gerne. Jetzt \u00fcber F\u00f6rderungen informieren.","robots":{"index":"index","follow":"follow","max-snippet":"max-snippet:-1","max-image-preview":"max-image-preview:large","max-video-preview":"max-video-preview:-1"},"canonical":"https:\/\/www.brunner.de\/en\/service\/subsidies\/","og_locale":"en_US","og_type":"article","og_title":"BRUNNER - Staatliche F\u00f6rderung f\u00fcr deine Heizung","og_description":"Aktuelle F\u00f6rderm\u00f6glichkeiten im \u00dcberblick. Unsere Heizungsbau-Partner beraten dich gerne. Jetzt \u00fcber F\u00f6rderungen informieren.","og_url":"https:\/\/www.brunner.de\/en\/service\/subsidies\/","og_site_name":"BRUNNER","article_modified_time":"2025-11-03T10:45:38+00:00","twitter_card":"summary_large_image","twitter_misc":{"Est. reading time":"10 minutes"},"schema":{"@context":"https:\/\/schema.org","@graph":[{"@type":"WebPage","@id":"https:\/\/www.brunner.de\/en\/service\/subsidies\/","url":"https:\/\/www.brunner.de\/en\/service\/subsidies\/","name":"BRUNNER - Staatliche F\u00f6rderung f\u00fcr deine Heizung","isPartOf":{"@id":"https:\/\/www.brunner.de\/#website"},"datePublished":"2025-02-19T07:48:56+00:00","dateModified":"2025-11-03T10:45:38+00:00","description":"Aktuelle F\u00f6rderm\u00f6glichkeiten im \u00dcberblick. Unsere Heizungsbau-Partner beraten dich gerne. Jetzt \u00fcber F\u00f6rderungen informieren.","breadcrumb":{"@id":"https:\/\/www.brunner.de\/en\/service\/subsidies\/#breadcrumb"},"inLanguage":"en-US","potentialAction":[{"@type":"ReadAction","target":["https:\/\/www.brunner.de\/en\/service\/subsidies\/"]}]},{"@type":"BreadcrumbList","@id":"https:\/\/www.brunner.de\/en\/service\/subsidies\/#breadcrumb","itemListElement":[{"@type":"ListItem","position":1,"name":"Startseite","item":"https:\/\/www.brunner.de\/en\/"},{"@type":"ListItem","position":2,"name":"Service","item":"https:\/\/www.brunner.de\/en\/service\/"},{"@type":"ListItem","position":3,"name":"Subsidies"}]},{"@type":"WebSite","@id":"https:\/\/www.brunner.de\/#website","url":"https:\/\/www.brunner.de\/","name":"BRUNNER","description":"Kachel\u00f6fen und Kamine, Heiztechnik sowie Heizkonzepte","publisher":{"@id":"https:\/\/www.brunner.de\/#organization"},"potentialAction":[{"@type":"SearchAction","target":{"@type":"EntryPoint","urlTemplate":"https:\/\/www.brunner.de\/?s={search_term_string}"},"query-input":{"@type":"PropertyValueSpecification","valueRequired":true,"valueName":"search_term_string"}}],"inLanguage":"en-US"},{"@type":"Organization","@id":"https:\/\/www.brunner.de\/#organization","name":"BRUNNER","url":"https:\/\/www.brunner.de\/","logo":{"@type":"ImageObject","inLanguage":"en-US","@id":"https:\/\/www.brunner.de\/#\/schema\/logo\/image\/","url":"","contentUrl":"","caption":"BRUNNER"},"image":{"@id":"https:\/\/www.brunner.de\/#\/schema\/logo\/image\/"}}]}},"_links":{"self":[{"href":"https:\/\/www.brunner.de\/en\/wp-json\/wp\/v2\/pages\/22111","targetHints":{"allow":["GET"]}}],"collection":[{"href":"https:\/\/www.brunner.de\/en\/wp-json\/wp\/v2\/pages"}],"about":[{"href":"https:\/\/www.brunner.de\/en\/wp-json\/wp\/v2\/types\/page"}],"author":[{"embeddable":true,"href":"https:\/\/www.brunner.de\/en\/wp-json\/wp\/v2\/users\/2"}],"replies":[{"embeddable":true,"href":"https:\/\/www.brunner.de\/en\/wp-json\/wp\/v2\/comments?post=22111"}],"version-history":[{"count":0,"href":"https:\/\/www.brunner.de\/en\/wp-json\/wp\/v2\/pages\/22111\/revisions"}],"up":[{"embeddable":true,"href":"https:\/\/www.brunner.de\/en\/wp-json\/wp\/v2\/pages\/8517"}],"wp:attachment":[{"href":"https:\/\/www.brunner.de\/en\/wp-json\/wp\/v2\/media?parent=22111"}],"curies":[{"name":"wp","href":"https:\/\/api.w.org\/{rel}","templated":true}]}}